{"id":220,"date":"2016-03-14T19:49:29","date_gmt":"2016-03-14T17:49:29","guid":{"rendered":"http:\/\/www.okcukalip.com.tr\/en\/kaliphane\/"},"modified":"2018-11-20T10:01:33","modified_gmt":"2018-11-20T08:01:33","slug":"kaliphane","status":"publish","type":"page","link":"http:\/\/www.okcukalip.com.tr\/en\/kaliphane\/","title":{"rendered":"KALIPHANE"},"content":{"rendered":"<div class=\"flex_column av_one_full  flex_column_div first  \" ><p><div style='padding-bottom:10px;' class='av-special-heading av-special-heading-h3    '><h3 class='av-special-heading-tag '  itemprop=\"headline\"  >MAK\u0130NA PARKURU<\/h3><div class='special-heading-border'><div class='special-heading-inner-border' ><\/div><\/div><\/div><br \/>\n<section class=\"av_textblock_section \"  itemscope=\"itemscope\" itemtype=\"https:\/\/schema.org\/CreativeWork\" ><div class='avia_textblock  '   itemprop=\"text\" ><p>1 Adet Johnford CNC \/ x 1060 &#8211; y 610 &#8211; z 610<\/p>\n<p>1 Adet Well CNC \/ x 100 &#8211; y 700 &#8211; z 600<\/p>\n<p>1 Adet Well CNC \/ x 1400 &#8211; y 700 &#8211; z 600<\/p>\n<p>Kal\u0131p\u00e7\u0131 Freze<\/p>\n<p>1 Adet Gentinger<\/p>\n<p>1 Adet Fullmark<\/p>\n<p>1 Adet sn 50 Tos Torna<\/p>\n<p>2 Adet Best 3000s PNC Dalma Erozyon<\/p>\n<p>1 Adet M20 Acrobat K\u0131lavuz \u00c7ekme<\/p>\n<\/div><\/section><\/p><\/div><div id='av-masonry-1' class='av-masonry  noHover av-flex-size av-1px-gap av-hover-overlay- av-masonry-col-flexible av-caption-always av-caption-style- av-masonry-gallery     '  ><div class='av-masonry-container isotope av-js-disabled ' ><div class='av-masonry-entry isotope-item av-masonry-item-no-image '><\/div><a href=\"http:\/\/www.okcukalip.com.tr\/wp-content\/uploads\/2016\/03\/okcu-kalip-kaliphane.jpg\" id='av-masonry-1-item-277' data-av-masonry-item='277' class='av-masonry-entry isotope-item post-277 attachment type-attachment status-inherit hentry  av-masonry-item-with-image' title=\"\"  itemprop=\"thumbnailUrl\" ><div class='av-inner-masonry-sizer'><\/div><figure class='av-inner-masonry main_color'><div class=\"av-masonry-outerimage-container\"><div class=\"av-masonry-image-container\" style=\"background-image: url(http:\/\/www.okcukalip.com.tr\/wp-content\/uploads\/2016\/03\/okcu-kalip-kaliphane-705x470.jpg);\"><img src=\"http:\/\/www.okcukalip.com.tr\/wp-content\/uploads\/2016\/03\/okcu-kalip-kaliphane-705x470.jpg\" title=\"okcu-kalip-kaliphane\" alt=\"\" \/><\/div><\/div><\/figure><\/a><!--end av-masonry entry--><a href=\"http:\/\/www.okcukalip.com.tr\/wp-content\/uploads\/2016\/03\/okcu-kalip-kaliphane-1.jpg\" id='av-masonry-1-item-278' data-av-masonry-item='278' class='av-masonry-entry isotope-item post-278 attachment type-attachment status-inherit hentry  av-masonry-item-with-image' title=\"\"  itemprop=\"thumbnailUrl\" ><div class='av-inner-masonry-sizer'><\/div><figure class='av-inner-masonry main_color'><div class=\"av-masonry-outerimage-container\"><div class=\"av-masonry-image-container\" style=\"background-image: url(http:\/\/www.okcukalip.com.tr\/wp-content\/uploads\/2016\/03\/okcu-kalip-kaliphane-1-705x470.jpg);\"><img src=\"http:\/\/www.okcukalip.com.tr\/wp-content\/uploads\/2016\/03\/okcu-kalip-kaliphane-1-705x470.jpg\" title=\"okcu-kalip-kaliphane-1\" alt=\"\" \/><\/div><\/div><\/figure><\/a><!--end av-masonry entry--><a href=\"http:\/\/www.okcukalip.com.tr\/wp-content\/uploads\/2016\/03\/okcu-kalip-kaliphane-2-687x1030.jpg\" id='av-masonry-1-item-279' data-av-masonry-item='279' class='av-masonry-entry isotope-item post-279 attachment type-attachment status-inherit hentry  av-masonry-item-with-image' title=\"\"  itemprop=\"thumbnailUrl\" ><div class='av-inner-masonry-sizer'><\/div><figure class='av-inner-masonry main_color'><div class=\"av-masonry-outerimage-container\"><div class=\"av-masonry-image-container\" style=\"background-image: url(http:\/\/www.okcukalip.com.tr\/wp-content\/uploads\/2016\/03\/okcu-kalip-kaliphane-2-470x705.jpg);\"><img src=\"http:\/\/www.okcukalip.com.tr\/wp-content\/uploads\/2016\/03\/okcu-kalip-kaliphane-2-470x705.jpg\" title=\"okcu-kalip-kaliphane-2\" alt=\"\" \/><\/div><\/div><\/figure><\/a><!--end av-masonry entry--><a href=\"http:\/\/www.okcukalip.com.tr\/wp-content\/uploads\/2016\/03\/okcu-kalip-kaliphane-3.jpg\" id='av-masonry-1-item-280' data-av-masonry-item='280' class='av-masonry-entry isotope-item post-280 attachment type-attachment status-inherit hentry  av-masonry-item-with-image' title=\"\"  itemprop=\"thumbnailUrl\" ><div class='av-inner-masonry-sizer'><\/div><figure class='av-inner-masonry main_color'><div class=\"av-masonry-outerimage-container\"><div class=\"av-masonry-image-container\" style=\"background-image: url(http:\/\/www.okcukalip.com.tr\/wp-content\/uploads\/2016\/03\/okcu-kalip-kaliphane-3-705x470.jpg);\"><img src=\"http:\/\/www.okcukalip.com.tr\/wp-content\/uploads\/2016\/03\/okcu-kalip-kaliphane-3-705x470.jpg\" title=\"okcu-kalip-kaliphane-3\" alt=\"\" \/><\/div><\/div><\/figure><\/a><!--end av-masonry entry--><a href=\"http:\/\/www.okcukalip.com.tr\/wp-content\/uploads\/2016\/03\/okcu-kalip-kaliphane-4.jpg\" id='av-masonry-1-item-281' data-av-masonry-item='281' class='av-masonry-entry isotope-item post-281 attachment type-attachment status-inherit hentry  av-masonry-item-with-image' title=\"\"  itemprop=\"thumbnailUrl\" ><div class='av-inner-masonry-sizer'><\/div><figure class='av-inner-masonry main_color'><div class=\"av-masonry-outerimage-container\"><div class=\"av-masonry-image-container\" style=\"background-image: url(http:\/\/www.okcukalip.com.tr\/wp-content\/uploads\/2016\/03\/okcu-kalip-kaliphane-4-705x470.jpg);\"><img src=\"http:\/\/www.okcukalip.com.tr\/wp-content\/uploads\/2016\/03\/okcu-kalip-kaliphane-4-705x470.jpg\" title=\"okcu-kalip-kaliphane-4\" alt=\"\" \/><\/div><\/div><\/figure><\/a><!--end av-masonry entry--><a href=\"http:\/\/www.okcukalip.com.tr\/wp-content\/uploads\/2016\/03\/okcu-kalip-kaliphane-5.jpg\" id='av-masonry-1-item-282' data-av-masonry-item='282' class='av-masonry-entry isotope-item post-282 attachment type-attachment status-inherit hentry  av-masonry-item-with-image' title=\"\"  itemprop=\"thumbnailUrl\" ><div class='av-inner-masonry-sizer'><\/div><figure class='av-inner-masonry main_color'><div class=\"av-masonry-outerimage-container\"><div class=\"av-masonry-image-container\" style=\"background-image: url(http:\/\/www.okcukalip.com.tr\/wp-content\/uploads\/2016\/03\/okcu-kalip-kaliphane-5-705x470.jpg);\"><img src=\"http:\/\/www.okcukalip.com.tr\/wp-content\/uploads\/2016\/03\/okcu-kalip-kaliphane-5-705x470.jpg\" title=\"okcu-kalip-kaliphane-5\" alt=\"\" \/><\/div><\/div><\/figure><\/a><!--end av-masonry entry--><a href=\"http:\/\/www.okcukalip.com.tr\/wp-content\/uploads\/2016\/03\/okcu-kalip-kaliphane-6.jpg\" id='av-masonry-1-item-283' data-av-masonry-item='283' class='av-masonry-entry isotope-item post-283 attachment type-attachment status-inherit hentry  av-masonry-item-with-image' title=\"\"  itemprop=\"thumbnailUrl\" ><div class='av-inner-masonry-sizer'><\/div><figure class='av-inner-masonry main_color'><div class=\"av-masonry-outerimage-container\"><div class=\"av-masonry-image-container\" style=\"background-image: url(http:\/\/www.okcukalip.com.tr\/wp-content\/uploads\/2016\/03\/okcu-kalip-kaliphane-6-705x470.jpg);\"><img src=\"http:\/\/www.okcukalip.com.tr\/wp-content\/uploads\/2016\/03\/okcu-kalip-kaliphane-6-705x470.jpg\" title=\"okcu-kalip-kaliphane-6\" alt=\"\" \/><\/div><\/div><\/figure><\/a><!--end av-masonry entry--><a href=\"http:\/\/www.okcukalip.com.tr\/wp-content\/uploads\/2016\/03\/okcu-kalip-kaliphane-7.jpg\" id='av-masonry-1-item-284' data-av-masonry-item='284' class='av-masonry-entry isotope-item post-284 attachment type-attachment status-inherit hentry  av-masonry-item-with-image' title=\"\"  itemprop=\"thumbnailUrl\" ><div class='av-inner-masonry-sizer'><\/div><figure class='av-inner-masonry main_color'><div class=\"av-masonry-outerimage-container\"><div class=\"av-masonry-image-container\" style=\"background-image: url(http:\/\/www.okcukalip.com.tr\/wp-content\/uploads\/2016\/03\/okcu-kalip-kaliphane-7-705x470.jpg);\"><img src=\"http:\/\/www.okcukalip.com.tr\/wp-content\/uploads\/2016\/03\/okcu-kalip-kaliphane-7-705x470.jpg\" title=\"okcu-kalip-kaliphane-7\" alt=\"\" \/><\/div><\/div><\/figure><\/a><!--end av-masonry entry--><a href=\"http:\/\/www.okcukalip.com.tr\/wp-content\/uploads\/2016\/03\/okcu-kalip-kaliphane-8.jpg\" id='av-masonry-1-item-285' data-av-masonry-item='285' class='av-masonry-entry isotope-item post-285 attachment type-attachment status-inherit hentry  av-masonry-item-with-image' title=\"\"  itemprop=\"thumbnailUrl\" ><div class='av-inner-masonry-sizer'><\/div><figure class='av-inner-masonry main_color'><div class=\"av-masonry-outerimage-container\"><div class=\"av-masonry-image-container\" style=\"background-image: url(http:\/\/www.okcukalip.com.tr\/wp-content\/uploads\/2016\/03\/okcu-kalip-kaliphane-8-705x470.jpg);\"><img src=\"http:\/\/www.okcukalip.com.tr\/wp-content\/uploads\/2016\/03\/okcu-kalip-kaliphane-8-705x470.jpg\" title=\"okcu-kalip-kaliphane-8\" alt=\"\" \/><\/div><\/div><\/figure><\/a><!--end av-masonry entry--><a href=\"http:\/\/www.okcukalip.com.tr\/wp-content\/uploads\/2016\/03\/okcu-kalip-kaliphane-9.jpg\" id='av-masonry-1-item-286' data-av-masonry-item='286' class='av-masonry-entry isotope-item post-286 attachment type-attachment status-inherit hentry  av-masonry-item-with-image' title=\"\"  itemprop=\"thumbnailUrl\" ><div class='av-inner-masonry-sizer'><\/div><figure class='av-inner-masonry main_color'><div class=\"av-masonry-outerimage-container\"><div class=\"av-masonry-image-container\" style=\"background-image: url(http:\/\/www.okcukalip.com.tr\/wp-content\/uploads\/2016\/03\/okcu-kalip-kaliphane-9-705x470.jpg);\"><img src=\"http:\/\/www.okcukalip.com.tr\/wp-content\/uploads\/2016\/03\/okcu-kalip-kaliphane-9-705x470.jpg\" title=\"okcu-kalip-kaliphane-9\" alt=\"\" \/><\/div><\/div><\/figure><\/a><!--end av-masonry entry--><a href=\"http:\/\/www.okcukalip.com.tr\/wp-content\/uploads\/2016\/03\/okcu-kalip-kaliphane-10-687x1030.jpg\" id='av-masonry-1-item-287' data-av-masonry-item='287' class='av-masonry-entry isotope-item post-287 attachment type-attachment status-inherit hentry  av-masonry-item-with-image' title=\"\"  itemprop=\"thumbnailUrl\" ><div class='av-inner-masonry-sizer'><\/div><figure class='av-inner-masonry main_color'><div class=\"av-masonry-outerimage-container\"><div class=\"av-masonry-image-container\" style=\"background-image: url(http:\/\/www.okcukalip.com.tr\/wp-content\/uploads\/2016\/03\/okcu-kalip-kaliphane-10-470x705.jpg);\"><img src=\"http:\/\/www.okcukalip.com.tr\/wp-content\/uploads\/2016\/03\/okcu-kalip-kaliphane-10-470x705.jpg\" title=\"okcu-kalip-kaliphane-10\" alt=\"\" \/><\/div><\/div><\/figure><\/a><!--end av-masonry entry--><a href=\"http:\/\/www.okcukalip.com.tr\/wp-content\/uploads\/2016\/03\/okcu-kalip-kaliphane-11-687x1030.jpg\" id='av-masonry-1-item-288' data-av-masonry-item='288' class='av-masonry-entry isotope-item post-288 attachment type-attachment status-inherit hentry  av-masonry-item-with-image' title=\"\"  itemprop=\"thumbnailUrl\" ><div class='av-inner-masonry-sizer'><\/div><figure class='av-inner-masonry main_color'><div class=\"av-masonry-outerimage-container\"><div class=\"av-masonry-image-container\" style=\"background-image: url(http:\/\/www.okcukalip.com.tr\/wp-content\/uploads\/2016\/03\/okcu-kalip-kaliphane-11-470x705.jpg);\"><img src=\"http:\/\/www.okcukalip.com.tr\/wp-content\/uploads\/2016\/03\/okcu-kalip-kaliphane-11-470x705.jpg\" title=\"okcu-kalip-kaliphane-11\" alt=\"\" \/><\/div><\/div><\/figure><\/a><!--end av-masonry entry--><a href=\"http:\/\/www.okcukalip.com.tr\/wp-content\/uploads\/2016\/03\/okcu-kalip-kaliphane-12-687x1030.jpg\" id='av-masonry-1-item-289' data-av-masonry-item='289' class='av-masonry-entry isotope-item post-289 attachment type-attachment status-inherit hentry  av-masonry-item-with-image' title=\"\"  itemprop=\"thumbnailUrl\" ><div class='av-inner-masonry-sizer'><\/div><figure class='av-inner-masonry main_color'><div class=\"av-masonry-outerimage-container\"><div class=\"av-masonry-image-container\" style=\"background-image: url(http:\/\/www.okcukalip.com.tr\/wp-content\/uploads\/2016\/03\/okcu-kalip-kaliphane-12-470x705.jpg);\"><img src=\"http:\/\/www.okcukalip.com.tr\/wp-content\/uploads\/2016\/03\/okcu-kalip-kaliphane-12-470x705.jpg\" title=\"okcu-kalip-kaliphane-12\" alt=\"\" \/><\/div><\/div><\/figure><\/a><!--end av-masonry entry--><a href=\"http:\/\/www.okcukalip.com.tr\/wp-content\/uploads\/2016\/03\/okcu-kalip-kaliphane-13-687x1030.jpg\" id='av-masonry-1-item-290' data-av-masonry-item='290' class='av-masonry-entry isotope-item post-290 attachment type-attachment status-inherit hentry  av-masonry-item-with-image' title=\"\"  itemprop=\"thumbnailUrl\" ><div class='av-inner-masonry-sizer'><\/div><figure class='av-inner-masonry main_color'><div class=\"av-masonry-outerimage-container\"><div class=\"av-masonry-image-container\" style=\"background-image: url(http:\/\/www.okcukalip.com.tr\/wp-content\/uploads\/2016\/03\/okcu-kalip-kaliphane-13-470x705.jpg);\"><img src=\"http:\/\/www.okcukalip.com.tr\/wp-content\/uploads\/2016\/03\/okcu-kalip-kaliphane-13-470x705.jpg\" title=\"okcu-kalip-kaliphane-13\" alt=\"\" \/><\/div><\/div><\/figure><\/a><!--end av-masonry entry--><a href=\"http:\/\/www.okcukalip.com.tr\/wp-content\/uploads\/2016\/03\/okcu-kalip-kaliphane-14.jpg\" id='av-masonry-1-item-291' data-av-masonry-item='291' class='av-masonry-entry isotope-item post-291 attachment type-attachment status-inherit hentry  av-masonry-item-with-image' title=\"\"  itemprop=\"thumbnailUrl\" ><div class='av-inner-masonry-sizer'><\/div><figure class='av-inner-masonry main_color'><div class=\"av-masonry-outerimage-container\"><div class=\"av-masonry-image-container\" style=\"background-image: url(http:\/\/www.okcukalip.com.tr\/wp-content\/uploads\/2016\/03\/okcu-kalip-kaliphane-14-705x470.jpg);\"><img src=\"http:\/\/www.okcukalip.com.tr\/wp-content\/uploads\/2016\/03\/okcu-kalip-kaliphane-14-705x470.jpg\" title=\"okcu-kalip-kaliphane-14\" alt=\"\" \/><\/div><\/div><\/figure><\/a><!--end av-masonry entry--><a href=\"http:\/\/www.okcukalip.com.tr\/wp-content\/uploads\/2016\/03\/okcu-kalip-kaliphane-15.jpg\" id='av-masonry-1-item-292' data-av-masonry-item='292' class='av-masonry-entry isotope-item post-292 attachment type-attachment status-inherit hentry  av-masonry-item-with-image' title=\"\"  itemprop=\"thumbnailUrl\" ><div class='av-inner-masonry-sizer'><\/div><figure class='av-inner-masonry main_color'><div class=\"av-masonry-outerimage-container\"><div class=\"av-masonry-image-container\" style=\"background-image: url(http:\/\/www.okcukalip.com.tr\/wp-content\/uploads\/2016\/03\/okcu-kalip-kaliphane-15-705x470.jpg);\"><img src=\"http:\/\/www.okcukalip.com.tr\/wp-content\/uploads\/2016\/03\/okcu-kalip-kaliphane-15-705x470.jpg\" title=\"okcu-kalip-kaliphane-15\" alt=\"\" \/><\/div><\/div><\/figure><\/a><!--end av-masonry entry--><a href=\"http:\/\/www.okcukalip.com.tr\/wp-content\/uploads\/2016\/03\/okcu-kalip-kaliphane-16-687x1030.jpg\" id='av-masonry-1-item-293' data-av-masonry-item='293' class='av-masonry-entry isotope-item post-293 attachment type-attachment status-inherit hentry  av-masonry-item-with-image' title=\"\"  itemprop=\"thumbnailUrl\" ><div class='av-inner-masonry-sizer'><\/div><figure class='av-inner-masonry main_color'><div class=\"av-masonry-outerimage-container\"><div class=\"av-masonry-image-container\" style=\"background-image: url(http:\/\/www.okcukalip.com.tr\/wp-content\/uploads\/2016\/03\/okcu-kalip-kaliphane-16-470x705.jpg);\"><img src=\"http:\/\/www.okcukalip.com.tr\/wp-content\/uploads\/2016\/03\/okcu-kalip-kaliphane-16-470x705.jpg\" title=\"okcu-kalip-kaliphane-16\" alt=\"\" \/><\/div><\/div><\/figure><\/a><!--end av-masonry entry--><a href=\"http:\/\/www.okcukalip.com.tr\/wp-content\/uploads\/2016\/03\/okcu-kalip-kaliphane-17.jpg\" id='av-masonry-1-item-294' data-av-masonry-item='294' class='av-masonry-entry isotope-item post-294 attachment type-attachment status-inherit hentry  av-masonry-item-with-image' title=\"\"  itemprop=\"thumbnailUrl\" ><div class='av-inner-masonry-sizer'><\/div><figure class='av-inner-masonry main_color'><div class=\"av-masonry-outerimage-container\"><div class=\"av-masonry-image-container\" style=\"background-image: url(http:\/\/www.okcukalip.com.tr\/wp-content\/uploads\/2016\/03\/okcu-kalip-kaliphane-17-705x529.jpg);\"><img src=\"http:\/\/www.okcukalip.com.tr\/wp-content\/uploads\/2016\/03\/okcu-kalip-kaliphane-17-705x529.jpg\" title=\"okcu-kalip-kaliphane-17\" alt=\"\" \/><\/div><\/div><\/figure><\/a><!--end av-masonry entry--><\/div><\/div><\/p>\n","protected":false},"excerpt":{"rendered":"","protected":false},"author":1,"featured_media":0,"parent":0,"menu_order":0,"comment_status":"open","ping_status":"open","template":"","meta":[],"_links":{"self":[{"href":"http:\/\/www.okcukalip.com.tr\/en\/wp-json\/wp\/v2\/pages\/220"}],"collection":[{"href":"http:\/\/www.okcukalip.com.tr\/en\/wp-json\/wp\/v2\/pages"}],"about":[{"href":"http:\/\/www.okcukalip.com.tr\/en\/wp-json\/wp\/v2\/types\/page"}],"author":[{"embeddable":true,"href":"http:\/\/www.okcukalip.com.tr\/en\/wp-json\/wp\/v2\/users\/1"}],"replies":[{"embeddable":true,"href":"http:\/\/www.okcukalip.com.tr\/en\/wp-json\/wp\/v2\/comments?post=220"}],"version-history":[{"count":4,"href":"http:\/\/www.okcukalip.com.tr\/en\/wp-json\/wp\/v2\/pages\/220\/revisions"}],"predecessor-version":[{"id":362,"href":"http:\/\/www.okcukalip.com.tr\/en\/wp-json\/wp\/v2\/pages\/220\/revisions\/362"}],"wp:attachment":[{"href":"http:\/\/www.okcukalip.com.tr\/en\/wp-json\/wp\/v2\/media?parent=220"}],"curies":[{"name":"wp","href":"https:\/\/api.w.org\/{rel}","templated":true}]}}