{"id":217,"date":"2016-03-14T19:51:44","date_gmt":"2016-03-14T17:51:44","guid":{"rendered":"http:\/\/www.okcukalip.com.tr\/en\/iletisim\/"},"modified":"2018-11-08T17:17:30","modified_gmt":"2018-11-08T15:17:30","slug":"iletisim","status":"publish","type":"page","link":"http:\/\/www.okcukalip.com.tr\/en\/iletisim\/","title":{"rendered":"\u0130LET\u0130\u015e\u0130M"},"content":{"rendered":"<div class=\"flex_column av_one_half  flex_column_div first  \" ><p><article class=\"iconbox iconbox_left  \"  itemscope=\"itemscope\" itemtype=\"https:\/\/schema.org\/CreativeWork\" ><div class=\"iconbox_content\"><header class=\"entry-content-header\"><div class=\"iconbox_icon heading-color\" aria-hidden='true' data-av_icon='\ue81f' data-av_iconfont='entypo-fontello'  ><\/div><h3 class='iconbox_content_title'  itemprop=\"headline\"  >OK\u00c7U KALIP SAN. T\u0130C. LTD. \u015eT\u0130.<\/h3><\/header><div class='iconbox_content_container '  itemprop=\"text\"  ><\/div><\/div><footer class=\"entry-footer\"><\/footer><\/article><br \/>\n<article class=\"iconbox iconbox_left  \"  itemscope=\"itemscope\" itemtype=\"https:\/\/schema.org\/CreativeWork\" ><div class=\"iconbox_content\"><header class=\"entry-content-header\"><div class=\"iconbox_icon heading-color\" aria-hidden='true' data-av_icon='\ue842' data-av_iconfont='entypo-fontello'  ><\/div><h3 class='iconbox_content_title'  itemprop=\"headline\"  >ADDRESS<\/h3><\/header><div class='iconbox_content_container '  itemprop=\"text\"  ><p>Top\u00e7ular Mahallesi, Rami K\u0131\u015fla Cad. G\u00fcndo\u011far 1 \u0130\u015f Mrk. No:68\/184<\/p>\n<p>Top\u00e7ular, Ey\u00fcp\u00a0\u2013\u00a0\u0130stanbul<\/p>\n<\/div><\/div><footer class=\"entry-footer\"><\/footer><\/article><br \/>\n<article class=\"iconbox iconbox_left  \"  itemscope=\"itemscope\" itemtype=\"https:\/\/schema.org\/CreativeWork\" ><div class=\"iconbox_content\"><header class=\"entry-content-header\"><div class=\"iconbox_icon heading-color\" aria-hidden='true' data-av_icon='\ue854' data-av_iconfont='entypo-fontello'  ><\/div><h3 class='iconbox_content_title'  itemprop=\"headline\"  >TELEPHONE<\/h3><\/header><div class='iconbox_content_container '  itemprop=\"text\"  ><p>+90 212 613 07 23<\/p>\n<\/div><\/div><footer class=\"entry-footer\"><\/footer><\/article><br \/>\n<article class=\"iconbox iconbox_left  \"  itemscope=\"itemscope\" itemtype=\"https:\/\/schema.org\/CreativeWork\" ><div class=\"iconbox_content\"><header class=\"entry-content-header\"><div class=\"iconbox_icon heading-color\" aria-hidden='true' data-av_icon='\ue8ac' data-av_iconfont='entypo-fontello'  ><\/div><h3 class='iconbox_content_title'  itemprop=\"headline\"  >MOBILE<\/h3><\/header><div class='iconbox_content_container '  itemprop=\"text\"  ><p>+90 532 747 29 80<\/p>\n<\/div><\/div><footer class=\"entry-footer\"><\/footer><\/article><br \/>\n<article class=\"iconbox iconbox_left  \"  itemscope=\"itemscope\" itemtype=\"https:\/\/schema.org\/CreativeWork\" ><div class=\"iconbox_content\"><header class=\"entry-content-header\"><div class=\"iconbox_icon heading-color\" aria-hidden='true' data-av_icon='\ue838' data-av_iconfont='entypo-fontello'  ><\/div><h3 class='iconbox_content_title'  itemprop=\"headline\"  >FAX<\/h3><\/header><div class='iconbox_content_container '  itemprop=\"text\"  ><p>+90 212 674 51 29<\/p>\n<\/div><\/div><footer class=\"entry-footer\"><\/footer><\/article><br \/>\n<article class=\"iconbox iconbox_left  \"  itemscope=\"itemscope\" itemtype=\"https:\/\/schema.org\/CreativeWork\" ><div class=\"iconbox_content\"><header class=\"entry-content-header\"><div class=\"iconbox_icon heading-color\" aria-hidden='true' data-av_icon='\ue805' data-av_iconfont='entypo-fontello'  ><\/div><h3 class='iconbox_content_title'  itemprop=\"headline\"  >E-MAIL<\/h3><\/header><div class='iconbox_content_container '  itemprop=\"text\"  ><p>info@okcukalip.com.tr<\/p>\n<\/div><\/div><footer class=\"entry-footer\"><\/footer><\/article><\/p><\/div>\n<div class=\"flex_column av_one_half  flex_column_div   \" ><form action=\"http:\/\/www.okcukalip.com.tr\/en\/iletisim\/\" method=\"post\"  class=\"avia_ajax_form av-form-labels-visible   \" data-avia-form-id=\"1\" data-avia-redirect=''><fieldset><h3>Contact Form<\/h3><p class=' first_form  form_element form_fullwidth' id='element_avia_name_surname_1'><label for=\"avia_name_surname_1\">Name Surname <abbr class=\"required\" title=\"required\">*<\/abbr><\/label> <input name=\"avia_name_surname_1\" class=\"text_input is_empty\" type=\"text\" id=\"avia_name_surname_1\" value=\"\" \/><\/p><p class=' first_form  form_element form_fullwidth' id='element_avia_telephone_1'><label for=\"avia_telephone_1\">Telephone <abbr class=\"required\" title=\"required\">*<\/abbr><\/label> <input name=\"avia_telephone_1\" class=\"text_input is_phone\" type=\"text\" id=\"avia_telephone_1\" value=\"\" \/><\/p><p class=' first_form  form_element form_fullwidth' id='element_avia_e-mail_1'><label for=\"avia_e-mail_1\">E-Mail <abbr class=\"required\" title=\"required\">*<\/abbr><\/label> <input name=\"avia_e-mail_1\" class=\"text_input is_email\" type=\"text\" id=\"avia_e-mail_1\" value=\"\" \/><\/p><p class=' first_form  form_element form_fullwidth' id='element_avia_subject_1'><label for=\"avia_subject_1\">Subject <abbr class=\"required\" title=\"required\">*<\/abbr><\/label> <input name=\"avia_subject_1\" class=\"text_input is_empty\" type=\"text\" id=\"avia_subject_1\" value=\"\" \/><\/p><p class=' first_form  form_element form_element_two_third av-last-visible-form-element' id='element_avia_message_1'>\t <label for=\"avia_message_1\" class=\"textare_label hidden textare_label_avia_message_1\">Message <abbr class=\"required\" title=\"required\">*<\/abbr><\/label>\t <textarea  name=\"avia_message_1\" class=\"text_area is_empty\" cols=\"40\" rows=\"7\" id=\"avia_message_1\" ><\/textarea><\/p><p class=\"hidden\"><input type=\"text\" name=\"avia_avia_username_1\" class=\"hidden \" id=\"avia_avia_username_1\" value=\"\" \/><\/p><p class=\"form_element form_element_third modified_width\"><input type=\"hidden\" value=\"1\" name=\"avia_generated_form1\" \/><input type=\"submit\" value=\"Send\" class=\"button\"  data-sending-label=\"Sending\"\/><\/p><\/fieldset><\/form><div id=\"ajaxresponse_1\" class=\"ajaxresponse ajaxresponse_1 hidden\"><\/div><\/div>\n<section class=\"av_textblock_section \"  itemscope=\"itemscope\" itemtype=\"https:\/\/schema.org\/CreativeWork\" ><div class='avia_textblock  '   itemprop=\"text\" ><p><iframe loading=\"lazy\" style=\"border: 0;\" src=\"https:\/\/www.google.com\/maps\/embed?pb=!1m14!1m8!1m3!1d12036.9330064126!2d28.919519!3d41.042028!3m2!1i1024!2i768!4f13.1!3m3!1m2!1s0x0%3A0x65ba64150d452199!2zT2vDp3UgS2FsxLFwICYgS2FsxLFwIMSwbWFsYXTEsSB2ZSBFbmpla3NpeW9uIEJhc2vEsQ!5e0!3m2!1str!2str!4v1541682960713\" width=\"1150\" height=\"400\" frameborder=\"0\" allowfullscreen=\"allowfullscreen\"><\/iframe><\/p>\n<\/div><\/section>\n","protected":false},"excerpt":{"rendered":"","protected":false},"author":1,"featured_media":0,"parent":0,"menu_order":0,"comment_status":"open","ping_status":"open","template":"","meta":[],"_links":{"self":[{"href":"http:\/\/www.okcukalip.com.tr\/en\/wp-json\/wp\/v2\/pages\/217"}],"collection":[{"href":"http:\/\/www.okcukalip.com.tr\/en\/wp-json\/wp\/v2\/pages"}],"about":[{"href":"http:\/\/www.okcukalip.com.tr\/en\/wp-json\/wp\/v2\/types\/page"}],"author":[{"embeddable":true,"href":"http:\/\/www.okcukalip.com.tr\/en\/wp-json\/wp\/v2\/users\/1"}],"replies":[{"embeddable":true,"href":"http:\/\/www.okcukalip.com.tr\/en\/wp-json\/wp\/v2\/comments?post=217"}],"version-history":[{"count":7,"href":"http:\/\/www.okcukalip.com.tr\/en\/wp-json\/wp\/v2\/pages\/217\/revisions"}],"predecessor-version":[{"id":355,"href":"http:\/\/www.okcukalip.com.tr\/en\/wp-json\/wp\/v2\/pages\/217\/revisions\/355"}],"wp:attachment":[{"href":"http:\/\/www.okcukalip.com.tr\/en\/wp-json\/wp\/v2\/media?parent=217"}],"curies":[{"name":"wp","href":"https:\/\/api.w.org\/{rel}","templated":true}]}}